{"id":2522,"date":"2022-09-29T10:16:43","date_gmt":"2022-09-29T08:16:43","guid":{"rendered":"https:\/\/rahmenegger.com\/datenschutz\/"},"modified":"2022-09-22T18:16:25","modified_gmt":"2022-09-22T16:16:25","slug":"privacy","status":"publish","type":"page","link":"https:\/\/rahmenegger.com\/it\/privacy\/","title":{"rendered":"Privacy"},"content":{"rendered":"<div class='flex_column_table av-6j2ex8-c884b28cac5ef3f3f857eebc547f5439 sc-av_one_half av-equal-height-column-flextable'>\n<style type=\"text\/css\" data-created_by=\"avia_inline_auto\" id=\"style-css-av-6j2ex8-c884b28cac5ef3f3f857eebc547f5439\">\n.flex_column.av-6j2ex8-c884b28cac5ef3f3f857eebc547f5439{\nborder-radius:0px 0px 0px 0px;\npadding:20px 0px 0px 0px;\n}\n<\/style>\n<div  class='flex_column av-6j2ex8-c884b28cac5ef3f3f857eebc547f5439 av_one_half  avia-builder-el-0  el_before_av_one_half  avia-builder-el-first  first flex_column_table_cell av-equal-height-column av-align-bottom  '     ><p>\n<style type=\"text\/css\" data-created_by=\"avia_inline_auto\" id=\"style-css-av-l82s3cbc-2b22a7d8a2dbb2a905b8a7e0029290e0\">\n#top .av-special-heading.av-l82s3cbc-2b22a7d8a2dbb2a905b8a7e0029290e0{\npadding-bottom:30px;\n}\nbody .av-special-heading.av-l82s3cbc-2b22a7d8a2dbb2a905b8a7e0029290e0 .av-special-heading-tag .heading-char{\nfont-size:25px;\n}\n.av-special-heading.av-l82s3cbc-2b22a7d8a2dbb2a905b8a7e0029290e0 .av-subheading{\nfont-size:15px;\n}\n<\/style>\n<div  class='av-special-heading av-l82s3cbc-2b22a7d8a2dbb2a905b8a7e0029290e0 av-special-heading-h2 blockquote modern-quote  avia-builder-el-1  el_before_av_textblock  avia-builder-el-first '><h2 class='av-special-heading-tag '  itemprop=\"headline\"  >Privacy<\/h2><div class=\"special-heading-border\"><div class=\"special-heading-inner-border\"><\/div><\/div><\/div><br \/>\n<section  class='av_textblock_section av-l82s38dk-61eb268aac32c24c11283ed40ab071c3 '   itemscope=\"itemscope\" itemtype=\"https:\/\/schema.org\/CreativeWork\" ><div class='avia_textblock'  itemprop=\"text\" ><p>Ai sensi dell\u2019art. 13 del Regolamento (UE) 2016\/679 relativo alla protezione delle persone fisiche con riguardo al trattamento dei dati personali e della raccomandazione n. 2\/2001 relativa ai requisiti minimi per la raccolta di dati on-line nell\u2019UE<\/p>\n<\/div><\/section><\/p><\/div><div class='av-flex-placeholder'><\/div>\n<style type=\"text\/css\" data-created_by=\"avia_inline_auto\" id=\"style-css-av-3yanfw-2f3a5b418dfd7285a559f8b6baf4139d\">\n.flex_column.av-3yanfw-2f3a5b418dfd7285a559f8b6baf4139d{\nborder-radius:0px 0px 0px 0px;\npadding:20px 0px 0px 0px;\n}\n<\/style>\n<div  class='flex_column av-3yanfw-2f3a5b418dfd7285a559f8b6baf4139d av_one_half  avia-builder-el-3  el_after_av_one_half  el_before_av_section  avia-builder-el-last  flex_column_table_cell av-equal-height-column av-align-bottom  '     ><\/div><\/div><!--close column table wrapper. Autoclose: 1 --><\/p>\n<\/div><\/div><\/div><!-- close content main div --><\/div><\/div>\n<style type=\"text\/css\" data-created_by=\"avia_inline_auto\" id=\"style-css-av-3293nw-3f9f0c11f7426f61aeba652947fff33e\">\n.avia-section.av-3293nw-3f9f0c11f7426f61aeba652947fff33e{\nbackground-color:#f8f8f8;\nbackground-image:unset;\n}\n<\/style>\n<div id='av_section_1'  class='avia-section av-3293nw-3f9f0c11f7426f61aeba652947fff33e main_color avia-section-default avia-no-shadow  avia-builder-el-4  el_after_av_one_half  avia-builder-el-last  avia-bg-style-scroll container_wrap fullsize'  ><div class='container av-section-cont-open' ><div class='template-page content  av-content-full alpha units'><div class='post-entry post-entry-type-page post-entry-2522'><div class='entry-content-wrapper clearfix'>\n\n<style type=\"text\/css\" data-created_by=\"avia_inline_auto\" id=\"style-css-av-l82s2viw-4a5e4c9977d3c03c93de3609b6518a8f\">\n#top .av_textblock_section.av-l82s2viw-4a5e4c9977d3c03c93de3609b6518a8f .avia_textblock{\nfont-size:15px;\n}\n<\/style>\n<section  class='av_textblock_section av-l82s2viw-4a5e4c9977d3c03c93de3609b6518a8f '   itemscope=\"itemscope\" itemtype=\"https:\/\/schema.org\/CreativeWork\" ><div class='avia_textblock'  itemprop=\"text\" ><p><strong>1. Titolare del trattamento dei dati personali<\/strong><br \/>\nMeinhard Reichegger<br \/>\nTel. +39 0473 237303<br \/>\nEmail: info@rahmenegger.com<\/p>\n<p>Responsabile della Protezione dei Dati Personali<br \/>\nMeinhard Reichegger<br \/>\nTel. +39 0473 237303<br \/>\nEmail: info@rahmenegger.com<\/p>\n<p>La presente informativa privacy intende fornire informazioni circa il trattamento, le finalit\u00e0, le modalit\u00e0 e, in generale, la gestione dei dati raccolti tramite il sito web www.rahmenegger.com (di seguito, per brevit\u00e0, il Sito Web). La presente informativa privacy riguarda unicamente il presente Sito Web, escludendo quindi ulteriori pagine visitabili tramite collegamento (link).<\/p>\n<p><strong>2. Finalit\u00e0 del trattamento e base giuridica<\/strong><br \/>\nIl Titolare del trattamento garantisce nell\u2019ambito delle previsioni normative che il trattamento dei dati personali tramite il Sito Web si svolge nel rispetto dei diritti e delle libert\u00e0 fondamentali, nonch\u00e9 della dignit\u00e0 dell\u2019interessato\/a, con particolare riferimento alla riservatezza, all\u2019identit\u00e0 personale e al diritto alla protezione dei dati personali.<br \/>\nNel rispetto delle condizioni di liceit\u00e0 previste all\u2019art. 6 del GDPR 2016\/679, i dati personali da Lei forniti attraverso il Sito Web potranno essere trattati esclusivamente per le seguenti finalit\u00e0:<br \/>\na) Iscrizione Newsletter<br \/>\nL\u2019interessato ha prestato il proprio consenso esplicito al trattamento di tali dati personali per una o pi\u00f9 finalit\u00e0 specifiche [\u2026] \u2013 art. 6, comma 1, lett. a) del GDPR 2016\/67).<\/p>\n<p><strong>3. Tipologia di dati trattati<\/strong><br \/>\nPer le finalit\u00e0 sopra citate possono essere oggetto di trattamento principalmente:<br \/>\na. dati personali di natura comune (es. nome, cognome, numero di telefono e indirizzo di posta elettronica);<\/p>\n<p><strong>4. Modalit\u00e0 di trattamento<\/strong><br \/>\nIl trattamento sar\u00e0 effettuato:<br \/>\na. dal solo personale autorizzato per lo svolgimento delle attivit\u00e0 di trattamento;<br \/>\nb. mediante l\u2019utilizzo di sistemi manuali e elettronici;<br \/>\nc. da soggetti autorizzati all\u2019assolvimento di tali compiti ai sensi di legge;<br \/>\nd. con l\u2019impiego di misure organizzative e tecniche adeguate a garantire la riservatezza dei dati ed evitare l\u2019accesso agli stessi da parte di terzi non autorizzati.<br \/>\nI Suoi dati non saranno inseriti in processi decisionali automatizzati.<\/p>\n<p><strong>5. Periodo di conservazione dei dati personali<\/strong><br \/>\nI dati da Lei forniti saranno conservati per il periodo strettamente necessario al perseguimento delle finalit\u00e0 ovvero fino alla revoca del consenso prestato.<\/p>\n<p><strong>6. Diffusione e comunicazione dei dati personali<\/strong><br \/>\nI Suoi dati personali non saranno diffusi. Tuttavia gli stessi potranno essere comunicati a terzi:<br \/>\na. alle Pubbliche Amministrazioni e Autorit\u00e0, ove previsto dalla legge;<br \/>\nb. fornitori di servizi e soggetti terzi in rapporto contrattuale con il Titolare nominati quali \u201cResponsabili del trattamento\u201d ex art. 28 del GDPR e tenuti al rispetto degli obblighi in materia di protezione dei dati, in virt\u00f9 di un apposito atto stipulato con il Titolare;<br \/>\nc. soggetti giuridici legittimati ad accedere ai dati in forza di disposizioni di legge, normative e regolamentari<\/p>\n<p><strong>7. Diritti degli interessati<\/strong><br \/>\nLei ha diritto di richiedere al Titolare del trattamento i diritti di cui agli artt. 15 e ss. del GDPR 2016\/679:<br \/>\n\u2013 L\u2019accesso ai Suoi dati ed informazioni;<br \/>\n\u2013 la rettifica e la cancellazione (\u201cdiritto all\u2019oblio\u201d) dei dati;<br \/>\n\u2013 la limitazione del trattamento e la possibilit\u00e0 di opporsi al trattamento;<br \/>\n\u2013 la portabilit\u00e0 dei dati;<br \/>\n\u2013 la revoca al consenso del trattamento.<\/p>\n<p>Qualora ritenga che i suoi diritti sono stati violati, Lei ha la facolt\u00e0 e il diritto di esporre reclamo all\u2019Autorit\u00e0 GPDP per la tutela dei dati personali: <a href=\"https:\/\/www.garanteprivacy.it\" target=\"_blank\" rel=\"noopener\">www.garanteprivacy.it<\/a><\/p>\n<\/div><\/section>\n\n","protected":false},"excerpt":{"rendered":"","protected":false},"author":1,"featured_media":2461,"parent":0,"menu_order":0,"comment_status":"closed","ping_status":"closed","template":"","meta":{"_joinchat":[],"footnotes":""},"class_list":["post-2522","page","type-page","status-publish","has-post-thumbnail","hentry"],"yoast_head":"<!-- This site is optimized with the Yoast SEO plugin v27.5 - https:\/\/yoast.com\/product\/yoast-seo-wordpress\/ -->\n<title>Privacy - Cornici Egger<\/title>\n<meta name=\"description\" content=\"Privacy CORNICI EGGER d. Meinhard Reichegger - 39012 MERANO (BZ) - via delle Corse, 55 - Tel.\u00a0+39 0473 237303 - Mobil\u00a0+39 380 890 31 93\" \/>\n<meta name=\"robots\" content=\"index, follow, max-snippet:-1, max-image-preview:large, max-video-preview:-1\" \/>\n<link rel=\"canonical\" href=\"https:\/\/rahmenegger.com\/it\/privacy\/\" \/>\n<meta property=\"og:locale\" content=\"it_IT\" \/>\n<meta property=\"og:type\" content=\"article\" \/>\n<meta property=\"og:title\" content=\"Privacy - Cornici Egger\" \/>\n<meta property=\"og:description\" content=\"Privacy CORNICI EGGER d. Meinhard Reichegger - 39012 MERANO (BZ) - via delle Corse, 55 - Tel.\u00a0+39 0473 237303 - Mobil\u00a0+39 380 890 31 93\" \/>\n<meta property=\"og:url\" content=\"https:\/\/rahmenegger.com\/it\/privacy\/\" \/>\n<meta property=\"og:site_name\" content=\"Cornici Egger\" \/>\n<meta property=\"og:image\" content=\"https:\/\/rahmenegger.com\/wp-content\/uploads\/2022\/09\/rahmenegger_logo-blau-footer.png\" \/>\n\t<meta property=\"og:image:width\" content=\"400\" \/>\n\t<meta property=\"og:image:height\" content=\"400\" \/>\n\t<meta property=\"og:image:type\" content=\"image\/png\" \/>\n<meta name=\"twitter:card\" content=\"summary_large_image\" \/>\n<script type=\"application\/ld+json\" class=\"yoast-schema-graph\">{\"@context\":\"https:\\\/\\\/schema.org\",\"@graph\":[{\"@type\":\"WebPage\",\"@id\":\"https:\\\/\\\/rahmenegger.com\\\/it\\\/privacy\\\/\",\"url\":\"https:\\\/\\\/rahmenegger.com\\\/it\\\/privacy\\\/\",\"name\":\"Privacy - Cornici Egger\",\"isPartOf\":{\"@id\":\"https:\\\/\\\/rahmenegger.com\\\/it\\\/#website\"},\"primaryImageOfPage\":{\"@id\":\"https:\\\/\\\/rahmenegger.com\\\/it\\\/privacy\\\/#primaryimage\"},\"image\":{\"@id\":\"https:\\\/\\\/rahmenegger.com\\\/it\\\/privacy\\\/#primaryimage\"},\"thumbnailUrl\":\"https:\\\/\\\/rahmenegger.com\\\/wp-content\\\/uploads\\\/2022\\\/09\\\/rahmenegger_logo-blau-footer.png\",\"datePublished\":\"2022-09-29T08:16:43+00:00\",\"description\":\"Privacy CORNICI EGGER d. Meinhard Reichegger - 39012 MERANO (BZ) - via delle Corse, 55 - Tel.\u00a0+39 0473 237303 - Mobil\u00a0+39 380 890 31 93\",\"breadcrumb\":{\"@id\":\"https:\\\/\\\/rahmenegger.com\\\/it\\\/privacy\\\/#breadcrumb\"},\"inLanguage\":\"it-IT\",\"potentialAction\":[{\"@type\":\"ReadAction\",\"target\":[\"https:\\\/\\\/rahmenegger.com\\\/it\\\/privacy\\\/\"]}]},{\"@type\":\"ImageObject\",\"inLanguage\":\"it-IT\",\"@id\":\"https:\\\/\\\/rahmenegger.com\\\/it\\\/privacy\\\/#primaryimage\",\"url\":\"https:\\\/\\\/rahmenegger.com\\\/wp-content\\\/uploads\\\/2022\\\/09\\\/rahmenegger_logo-blau-footer.png\",\"contentUrl\":\"https:\\\/\\\/rahmenegger.com\\\/wp-content\\\/uploads\\\/2022\\\/09\\\/rahmenegger_logo-blau-footer.png\",\"width\":400,\"height\":400,\"caption\":\"Cornici Merano\"},{\"@type\":\"BreadcrumbList\",\"@id\":\"https:\\\/\\\/rahmenegger.com\\\/it\\\/privacy\\\/#breadcrumb\",\"itemListElement\":[{\"@type\":\"ListItem\",\"position\":1,\"name\":\"Startseite\",\"item\":\"https:\\\/\\\/rahmenegger.com\\\/it\\\/cornici-merano\\\/\"},{\"@type\":\"ListItem\",\"position\":2,\"name\":\"Privacy\"}]},{\"@type\":\"WebSite\",\"@id\":\"https:\\\/\\\/rahmenegger.com\\\/it\\\/#website\",\"url\":\"https:\\\/\\\/rahmenegger.com\\\/it\\\/\",\"name\":\"Cornici Egger\",\"description\":\"Laboratorio di corniciai a Merano - Galeria d'arte\",\"publisher\":{\"@id\":\"https:\\\/\\\/rahmenegger.com\\\/it\\\/#organization\"},\"potentialAction\":[{\"@type\":\"SearchAction\",\"target\":{\"@type\":\"EntryPoint\",\"urlTemplate\":\"https:\\\/\\\/rahmenegger.com\\\/it\\\/?s={search_term_string}\"},\"query-input\":{\"@type\":\"PropertyValueSpecification\",\"valueRequired\":true,\"valueName\":\"search_term_string\"}}],\"inLanguage\":\"it-IT\"},{\"@type\":\"Organization\",\"@id\":\"https:\\\/\\\/rahmenegger.com\\\/it\\\/#organization\",\"name\":\"Rahmen Egger d. Meinhard Reichegger\",\"url\":\"https:\\\/\\\/rahmenegger.com\\\/it\\\/\",\"logo\":{\"@type\":\"ImageObject\",\"inLanguage\":\"it-IT\",\"@id\":\"https:\\\/\\\/rahmenegger.com\\\/it\\\/#\\\/schema\\\/logo\\\/image\\\/\",\"url\":\"https:\\\/\\\/rahmenegger.com\\\/wp-content\\\/uploads\\\/2022\\\/08\\\/rahmenegger_logo-credits.png\",\"contentUrl\":\"https:\\\/\\\/rahmenegger.com\\\/wp-content\\\/uploads\\\/2022\\\/08\\\/rahmenegger_logo-credits.png\",\"width\":1030,\"height\":687,\"caption\":\"Rahmen Egger d. Meinhard Reichegger\"},\"image\":{\"@id\":\"https:\\\/\\\/rahmenegger.com\\\/it\\\/#\\\/schema\\\/logo\\\/image\\\/\"}}]}<\/script>\n<!-- \/ Yoast SEO plugin. -->","yoast_head_json":{"title":"Privacy - Cornici Egger","description":"Privacy CORNICI EGGER d. Meinhard Reichegger - 39012 MERANO (BZ) - via delle Corse, 55 - Tel.\u00a0+39 0473 237303 - Mobil\u00a0+39 380 890 31 93","robots":{"index":"index","follow":"follow","max-snippet":"max-snippet:-1","max-image-preview":"max-image-preview:large","max-video-preview":"max-video-preview:-1"},"canonical":"https:\/\/rahmenegger.com\/it\/privacy\/","og_locale":"it_IT","og_type":"article","og_title":"Privacy - Cornici Egger","og_description":"Privacy CORNICI EGGER d. Meinhard Reichegger - 39012 MERANO (BZ) - via delle Corse, 55 - Tel.\u00a0+39 0473 237303 - Mobil\u00a0+39 380 890 31 93","og_url":"https:\/\/rahmenegger.com\/it\/privacy\/","og_site_name":"Cornici Egger","og_image":[{"width":400,"height":400,"url":"https:\/\/rahmenegger.com\/wp-content\/uploads\/2022\/09\/rahmenegger_logo-blau-footer.png","type":"image\/png"}],"twitter_card":"summary_large_image","schema":{"@context":"https:\/\/schema.org","@graph":[{"@type":"WebPage","@id":"https:\/\/rahmenegger.com\/it\/privacy\/","url":"https:\/\/rahmenegger.com\/it\/privacy\/","name":"Privacy - Cornici Egger","isPartOf":{"@id":"https:\/\/rahmenegger.com\/it\/#website"},"primaryImageOfPage":{"@id":"https:\/\/rahmenegger.com\/it\/privacy\/#primaryimage"},"image":{"@id":"https:\/\/rahmenegger.com\/it\/privacy\/#primaryimage"},"thumbnailUrl":"https:\/\/rahmenegger.com\/wp-content\/uploads\/2022\/09\/rahmenegger_logo-blau-footer.png","datePublished":"2022-09-29T08:16:43+00:00","description":"Privacy CORNICI EGGER d. Meinhard Reichegger - 39012 MERANO (BZ) - via delle Corse, 55 - Tel.\u00a0+39 0473 237303 - Mobil\u00a0+39 380 890 31 93","breadcrumb":{"@id":"https:\/\/rahmenegger.com\/it\/privacy\/#breadcrumb"},"inLanguage":"it-IT","potentialAction":[{"@type":"ReadAction","target":["https:\/\/rahmenegger.com\/it\/privacy\/"]}]},{"@type":"ImageObject","inLanguage":"it-IT","@id":"https:\/\/rahmenegger.com\/it\/privacy\/#primaryimage","url":"https:\/\/rahmenegger.com\/wp-content\/uploads\/2022\/09\/rahmenegger_logo-blau-footer.png","contentUrl":"https:\/\/rahmenegger.com\/wp-content\/uploads\/2022\/09\/rahmenegger_logo-blau-footer.png","width":400,"height":400,"caption":"Cornici Merano"},{"@type":"BreadcrumbList","@id":"https:\/\/rahmenegger.com\/it\/privacy\/#breadcrumb","itemListElement":[{"@type":"ListItem","position":1,"name":"Startseite","item":"https:\/\/rahmenegger.com\/it\/cornici-merano\/"},{"@type":"ListItem","position":2,"name":"Privacy"}]},{"@type":"WebSite","@id":"https:\/\/rahmenegger.com\/it\/#website","url":"https:\/\/rahmenegger.com\/it\/","name":"Cornici Egger","description":"Laboratorio di corniciai a Merano - Galeria d'arte","publisher":{"@id":"https:\/\/rahmenegger.com\/it\/#organization"},"potentialAction":[{"@type":"SearchAction","target":{"@type":"EntryPoint","urlTemplate":"https:\/\/rahmenegger.com\/it\/?s={search_term_string}"},"query-input":{"@type":"PropertyValueSpecification","valueRequired":true,"valueName":"search_term_string"}}],"inLanguage":"it-IT"},{"@type":"Organization","@id":"https:\/\/rahmenegger.com\/it\/#organization","name":"Rahmen Egger d. Meinhard Reichegger","url":"https:\/\/rahmenegger.com\/it\/","logo":{"@type":"ImageObject","inLanguage":"it-IT","@id":"https:\/\/rahmenegger.com\/it\/#\/schema\/logo\/image\/","url":"https:\/\/rahmenegger.com\/wp-content\/uploads\/2022\/08\/rahmenegger_logo-credits.png","contentUrl":"https:\/\/rahmenegger.com\/wp-content\/uploads\/2022\/08\/rahmenegger_logo-credits.png","width":1030,"height":687,"caption":"Rahmen Egger d. Meinhard Reichegger"},"image":{"@id":"https:\/\/rahmenegger.com\/it\/#\/schema\/logo\/image\/"}}]}},"_links":{"self":[{"href":"https:\/\/rahmenegger.com\/it\/wp-json\/wp\/v2\/pages\/2522","targetHints":{"allow":["GET"]}}],"collection":[{"href":"https:\/\/rahmenegger.com\/it\/wp-json\/wp\/v2\/pages"}],"about":[{"href":"https:\/\/rahmenegger.com\/it\/wp-json\/wp\/v2\/types\/page"}],"author":[{"embeddable":true,"href":"https:\/\/rahmenegger.com\/it\/wp-json\/wp\/v2\/users\/1"}],"replies":[{"embeddable":true,"href":"https:\/\/rahmenegger.com\/it\/wp-json\/wp\/v2\/comments?post=2522"}],"version-history":[{"count":0,"href":"https:\/\/rahmenegger.com\/it\/wp-json\/wp\/v2\/pages\/2522\/revisions"}],"wp:featuredmedia":[{"embeddable":true,"href":"https:\/\/rahmenegger.com\/it\/wp-json\/wp\/v2\/media\/2461"}],"wp:attachment":[{"href":"https:\/\/rahmenegger.com\/it\/wp-json\/wp\/v2\/media?parent=2522"}],"curies":[{"name":"wp","href":"https:\/\/api.w.org\/{rel}","templated":true}]}}